{"id":554,"date":"2023-02-04T17:58:43","date_gmt":"2023-02-04T17:58:43","guid":{"rendered":"http:\/\/importarcochesalemania.online\/?page_id=554"},"modified":"2023-02-04T17:58:43","modified_gmt":"2023-02-04T17:58:43","slug":"alemania-el-pais-de-los-coche-baratos","status":"publish","type":"page","link":"https:\/\/importarcochesalemania.online\/de\/alemania-el-pais-de-los-coche-baratos\/","title":{"rendered":"Alemania el pais de los coche baratos"},"content":{"rendered":"<div class=\"wp-block-image\">\n<figure class=\"aligncenter size-full is-resized\"><img loading=\"lazy\" decoding=\"async\" src=\"http:\/\/importarcochesalemania.online\/wp-content\/uploads\/2023\/02\/comprarcocheenalemania.jpg\" alt=\"\" class=\"wp-image-549\" width=\"261\" height=\"174\" srcset=\"https:\/\/importarcochesalemania.online\/wp-content\/uploads\/2023\/02\/comprarcocheenalemania.jpg 700w, https:\/\/importarcochesalemania.online\/wp-content\/uploads\/2023\/02\/comprarcocheenalemania-300x200.jpg 300w\" sizes=\"auto, (max-width: 261px) 100vw, 261px\" \/><\/figure>\n<\/div>\n\n\n<h2 class=\"wp-block-heading\">Alemania es conocida por ser uno de los pa\u00edses l\u00edderes en la fabricaci\u00f3n de veh\u00edculos <\/h2>\n\n\n\n<p>de alta calidad. La industria automotriz alemana es conocida por la innovaci\u00f3n, la tecnolog\u00eda y la calidad en la fabricaci\u00f3n de sus coches. Por esta raz\u00f3n, es considerada una de las mejores del mundo.<\/p>\n\n\n\n<p>Adem\u00e1s, Alemania es tambi\u00e9n uno de los mejores lugares para encontrar coches de segunda mano a precios muy asequibles. Los coches alemanes son muy duraderos y su calidad y tecnolog\u00eda hacen que su valor de reventa sea muy alto, lo que significa que los precios de los coches de segunda mano son mucho m\u00e1s bajos que los precios de los coches nuevos.<\/p>\n\n\n\n<p>Los compradores pueden encontrar una amplia gama de marcas y modelos en el mercado de coches de segunda mano en Alemania, desde modelos deportivos hasta familiares, desde coches econ\u00f3micos hasta lujosos. Hay algo para todos los gustos y presupuestos.<\/p>\n\n\n\n<p>Adem\u00e1s, los coches alemanes son conocidos por su fiabilidad y seguridad, lo que los hace ideales para viajes largos y para el uso diario. La mayor\u00eda de los modelos cuentan con una amplia gama de caracter\u00edsticas de seguridad, como airbags, cinturones de seguridad, sistemas de frenado antibloqueo y sistemas de ayuda al conductor.<\/p>\n\n\n\n<p>En resumen, Alemania es el pa\u00eds con los mejores coches y los coches de segunda mano son muy baratos. Con su alta calidad, tecnolog\u00eda avanzada y fiabilidad, los coches alemanes son una excelente opci\u00f3n para cualquier comprador que busque un veh\u00edculo de alta calidad a un precio razonable.<\/p>","protected":false},"excerpt":{"rendered":"<p>Alemania es conocida por ser uno de los pa\u00edses l\u00edderes en la fabricaci\u00f3n de veh\u00edculos de alta calidad. La industria automotriz alemana es conocida por la innovaci\u00f3n, la tecnolog\u00eda y la calidad en la fabricaci\u00f3n de sus coches. Por esta raz\u00f3n, es considerada una de las mejores del mundo. Adem\u00e1s, Alemania es tambi\u00e9n uno de [&hellip;]<\/p>","protected":false},"author":1,"featured_media":0,"parent":0,"menu_order":0,"comment_status":"closed","ping_status":"closed","template":"","meta":{"footnotes":""},"class_list":["post-554","page","type-page","status-publish","hentry"],"yoast_head":"<!-- This site is optimized with the Yoast SEO plugin v20.1 - https:\/\/yoast.com\/wordpress\/plugins\/seo\/ -->\n<title>Alemania el pais de los coche baratos - Importar Coches Alemania<\/title>\n<meta name=\"robots\" content=\"index, follow, max-snippet:-1, max-image-preview:large, max-video-preview:-1\" \/>\n<link rel=\"canonical\" href=\"https:\/\/importarcochesalemania.online\/de\/alemania-el-pais-de-los-coche-baratos\/\" \/>\n<meta property=\"og:locale\" content=\"de_DE\" \/>\n<meta property=\"og:type\" content=\"article\" \/>\n<meta property=\"og:title\" content=\"Alemania el pais de los coche baratos - Importar Coches Alemania\" \/>\n<meta property=\"og:description\" content=\"Alemania es conocida por ser uno de los pa\u00edses l\u00edderes en la fabricaci\u00f3n de veh\u00edculos de alta calidad. La industria automotriz alemana es conocida por la innovaci\u00f3n, la tecnolog\u00eda y la calidad en la fabricaci\u00f3n de sus coches. Por esta raz\u00f3n, es considerada una de las mejores del mundo. Adem\u00e1s, Alemania es tambi\u00e9n uno de [&hellip;]\" \/>\n<meta property=\"og:url\" content=\"https:\/\/importarcochesalemania.online\/de\/alemania-el-pais-de-los-coche-baratos\/\" \/>\n<meta property=\"og:site_name\" content=\"Importar Coches Alemania\" \/>\n<meta property=\"og:image\" content=\"http:\/\/importarcochesalemania.online\/wp-content\/uploads\/2023\/02\/comprarcocheenalemania.jpg\" \/>\n<meta name=\"twitter:card\" content=\"summary_large_image\" \/>\n<meta name=\"twitter:label1\" content=\"Gesch\u00e4tzte Lesezeit\" \/>\n\t<meta name=\"twitter:data1\" content=\"1\u00a0Minute\" \/>\n<script type=\"application\/ld+json\" class=\"yoast-schema-graph\">{\"@context\":\"https:\/\/schema.org\",\"@graph\":[{\"@type\":\"WebPage\",\"@id\":\"https:\/\/importarcochesalemania.online\/alemania-el-pais-de-los-coche-baratos\/\",\"url\":\"https:\/\/importarcochesalemania.online\/alemania-el-pais-de-los-coche-baratos\/\",\"name\":\"Alemania el pais de los coche baratos - Importar Coches Alemania\",\"isPartOf\":{\"@id\":\"https:\/\/importarcochesalemania.online\/#website\"},\"datePublished\":\"2023-02-04T17:58:43+00:00\",\"dateModified\":\"2023-02-04T17:58:43+00:00\",\"breadcrumb\":{\"@id\":\"https:\/\/importarcochesalemania.online\/alemania-el-pais-de-los-coche-baratos\/#breadcrumb\"},\"inLanguage\":\"de\",\"potentialAction\":[{\"@type\":\"ReadAction\",\"target\":[\"https:\/\/importarcochesalemania.online\/alemania-el-pais-de-los-coche-baratos\/\"]}]},{\"@type\":\"BreadcrumbList\",\"@id\":\"https:\/\/importarcochesalemania.online\/alemania-el-pais-de-los-coche-baratos\/#breadcrumb\",\"itemListElement\":[{\"@type\":\"ListItem\",\"position\":1,\"name\":\"Portada\",\"item\":\"https:\/\/importarcochesalemania.online\/\"},{\"@type\":\"ListItem\",\"position\":2,\"name\":\"Alemania el pais de los coche baratos\"}]},{\"@type\":\"WebSite\",\"@id\":\"https:\/\/importarcochesalemania.online\/#website\",\"url\":\"https:\/\/importarcochesalemania.online\/\",\"name\":\"Importar Coches Alemania\",\"description\":\"IMPORTAR COCHES ALEMANIA A ESPA\u00d1A\",\"publisher\":{\"@id\":\"https:\/\/importarcochesalemania.online\/#\/schema\/person\/bb0a9c16c906ebdc5297cdf9678f6ef5\"},\"potentialAction\":[{\"@type\":\"SearchAction\",\"target\":{\"@type\":\"EntryPoint\",\"urlTemplate\":\"https:\/\/importarcochesalemania.online\/?s={search_term_string}\"},\"query-input\":\"required name=search_term_string\"}],\"inLanguage\":\"de\"},{\"@type\":[\"Person\",\"Organization\"],\"@id\":\"https:\/\/importarcochesalemania.online\/#\/schema\/person\/bb0a9c16c906ebdc5297cdf9678f6ef5\",\"name\":\"raceocasion2\",\"image\":{\"@type\":\"ImageObject\",\"inLanguage\":\"de\",\"@id\":\"https:\/\/importarcochesalemania.online\/#\/schema\/person\/image\/\",\"url\":\"https:\/\/importarcochesalemania.online\/wp-content\/uploads\/2023\/01\/cropped-IMG_1968.jpg\",\"contentUrl\":\"https:\/\/importarcochesalemania.online\/wp-content\/uploads\/2023\/01\/cropped-IMG_1968.jpg\",\"width\":1170,\"height\":333,\"caption\":\"raceocasion2\"},\"logo\":{\"@id\":\"https:\/\/importarcochesalemania.online\/#\/schema\/person\/image\/\"},\"sameAs\":[\"http:\/\/importarcochesalemania.online\"]}]}<\/script>\n<!-- \/ Yoast SEO plugin. -->","yoast_head_json":{"title":"Alemania el pais de los coche baratos - Importar Coches Alemania","robots":{"index":"index","follow":"follow","max-snippet":"max-snippet:-1","max-image-preview":"max-image-preview:large","max-video-preview":"max-video-preview:-1"},"canonical":"https:\/\/importarcochesalemania.online\/de\/alemania-el-pais-de-los-coche-baratos\/","og_locale":"de_DE","og_type":"article","og_title":"Alemania el pais de los coche baratos - Importar Coches Alemania","og_description":"Alemania es conocida por ser uno de los pa\u00edses l\u00edderes en la fabricaci\u00f3n de veh\u00edculos de alta calidad. La industria automotriz alemana es conocida por la innovaci\u00f3n, la tecnolog\u00eda y la calidad en la fabricaci\u00f3n de sus coches. Por esta raz\u00f3n, es considerada una de las mejores del mundo. Adem\u00e1s, Alemania es tambi\u00e9n uno de [&hellip;]","og_url":"https:\/\/importarcochesalemania.online\/de\/alemania-el-pais-de-los-coche-baratos\/","og_site_name":"Importar Coches Alemania","og_image":[{"url":"http:\/\/importarcochesalemania.online\/wp-content\/uploads\/2023\/02\/comprarcocheenalemania.jpg"}],"twitter_card":"summary_large_image","twitter_misc":{"Gesch\u00e4tzte Lesezeit":"1\u00a0Minute"},"schema":{"@context":"https:\/\/schema.org","@graph":[{"@type":"WebPage","@id":"https:\/\/importarcochesalemania.online\/alemania-el-pais-de-los-coche-baratos\/","url":"https:\/\/importarcochesalemania.online\/alemania-el-pais-de-los-coche-baratos\/","name":"Alemania el pais de los coche baratos - Importar Coches Alemania","isPartOf":{"@id":"https:\/\/importarcochesalemania.online\/#website"},"datePublished":"2023-02-04T17:58:43+00:00","dateModified":"2023-02-04T17:58:43+00:00","breadcrumb":{"@id":"https:\/\/importarcochesalemania.online\/alemania-el-pais-de-los-coche-baratos\/#breadcrumb"},"inLanguage":"de","potentialAction":[{"@type":"ReadAction","target":["https:\/\/importarcochesalemania.online\/alemania-el-pais-de-los-coche-baratos\/"]}]},{"@type":"BreadcrumbList","@id":"https:\/\/importarcochesalemania.online\/alemania-el-pais-de-los-coche-baratos\/#breadcrumb","itemListElement":[{"@type":"ListItem","position":1,"name":"Portada","item":"https:\/\/importarcochesalemania.online\/"},{"@type":"ListItem","position":2,"name":"Alemania el pais de los coche baratos"}]},{"@type":"WebSite","@id":"https:\/\/importarcochesalemania.online\/#website","url":"https:\/\/importarcochesalemania.online\/","name":"Importar Coches Alemania","description":"IMPORTAR COCHES ALEMANIA A ESPA\u00d1A","publisher":{"@id":"https:\/\/importarcochesalemania.online\/#\/schema\/person\/bb0a9c16c906ebdc5297cdf9678f6ef5"},"potentialAction":[{"@type":"SearchAction","target":{"@type":"EntryPoint","urlTemplate":"https:\/\/importarcochesalemania.online\/?s={search_term_string}"},"query-input":"required name=search_term_string"}],"inLanguage":"de"},{"@type":["Person","Organization"],"@id":"https:\/\/importarcochesalemania.online\/#\/schema\/person\/bb0a9c16c906ebdc5297cdf9678f6ef5","name":"raceocasion2","image":{"@type":"ImageObject","inLanguage":"de","@id":"https:\/\/importarcochesalemania.online\/#\/schema\/person\/image\/","url":"https:\/\/importarcochesalemania.online\/wp-content\/uploads\/2023\/01\/cropped-IMG_1968.jpg","contentUrl":"https:\/\/importarcochesalemania.online\/wp-content\/uploads\/2023\/01\/cropped-IMG_1968.jpg","width":1170,"height":333,"caption":"raceocasion2"},"logo":{"@id":"https:\/\/importarcochesalemania.online\/#\/schema\/person\/image\/"},"sameAs":["http:\/\/importarcochesalemania.online"]}]}},"_links":{"self":[{"href":"https:\/\/importarcochesalemania.online\/de\/wp-json\/wp\/v2\/pages\/554","targetHints":{"allow":["GET"]}}],"collection":[{"href":"https:\/\/importarcochesalemania.online\/de\/wp-json\/wp\/v2\/pages"}],"about":[{"href":"https:\/\/importarcochesalemania.online\/de\/wp-json\/wp\/v2\/types\/page"}],"author":[{"embeddable":true,"href":"https:\/\/importarcochesalemania.online\/de\/wp-json\/wp\/v2\/users\/1"}],"replies":[{"embeddable":true,"href":"https:\/\/importarcochesalemania.online\/de\/wp-json\/wp\/v2\/comments?post=554"}],"version-history":[{"count":1,"href":"https:\/\/importarcochesalemania.online\/de\/wp-json\/wp\/v2\/pages\/554\/revisions"}],"predecessor-version":[{"id":555,"href":"https:\/\/importarcochesalemania.online\/de\/wp-json\/wp\/v2\/pages\/554\/revisions\/555"}],"wp:attachment":[{"href":"https:\/\/importarcochesalemania.online\/de\/wp-json\/wp\/v2\/media?parent=554"}],"curies":[{"name":"wp","href":"https:\/\/api.w.org\/{rel}","templated":true}]}}