{"id":397,"date":"2023-02-02T19:41:16","date_gmt":"2023-02-02T19:41:16","guid":{"rendered":"http:\/\/importarcochesalemania.online\/?page_id=397"},"modified":"2023-02-02T22:48:12","modified_gmt":"2023-02-02T22:48:12","slug":"importar-porsche-alemania","status":"publish","type":"page","link":"https:\/\/importarcochesalemania.online\/de\/importar-porsche-alemania\/","title":{"rendered":"Importar Porsche Alemania\u200b"},"content":{"rendered":"<div class=\"wp-block-image\">\n<figure class=\"aligncenter size-large is-resized\"><img loading=\"lazy\" decoding=\"async\" src=\"http:\/\/importarcochesalemania.online\/wp-content\/uploads\/2023\/01\/IMG_1968-1024x922.jpg\" alt=\"\" class=\"wp-image-67\" width=\"192\" height=\"173\" srcset=\"https:\/\/importarcochesalemania.online\/wp-content\/uploads\/2023\/01\/IMG_1968-1024x922.jpg 1024w, https:\/\/importarcochesalemania.online\/wp-content\/uploads\/2023\/01\/IMG_1968-300x270.jpg 300w, https:\/\/importarcochesalemania.online\/wp-content\/uploads\/2023\/01\/IMG_1968-768x692.jpg 768w, https:\/\/importarcochesalemania.online\/wp-content\/uploads\/2023\/01\/IMG_1968.jpg 1170w\" sizes=\"auto, (max-width: 192px) 100vw, 192px\" \/><\/figure>\n<\/div>\n\n\n<p class=\"has-text-align-center\">IMPORTAR COCHES DE ALEMANIA ESPA\u00d1A CON RACEOCASION:<\/p>\n\n\n\n<div class=\"wp-block-buttons is-layout-flex wp-block-buttons-is-layout-flex\">\n<div class=\"wp-block-button aligncenter is-style-fill\"><a class=\"wp-block-button__link has-vivid-red-background-color has-background wp-element-button\" href=\"https:\/\/importarcochesalemania.online\/de\/formulario-para-importar-un-coche-de-alemania-a-espana\/\">SOLICITA INFORMACION PARA IMPORTAR TU PORSCHE DE ALEMANIA<\/a><\/div>\n<\/div>\n\n\n\n<div class=\"wp-block-buttons is-layout-flex wp-block-buttons-is-layout-flex\"><\/div>\n\n\n\n<h1 class=\"wp-block-heading\" id=\"porquimportarunporschedealemania\">\u00bfPor qu\u00e9 importar un Porsche de Alemania?<\/h1>\n\n\n\n<p>Importar un Porsche de Alemania es una excelente opci\u00f3n si est\u00e1s buscando un veh\u00edculo de primera calidad. Estos coches tienen muchas caracter\u00edsticas y beneficios \u00fanicos que pueden ofrecerte grandes ventajas.<\/p>\n\n\n\n<h2 class=\"wp-block-heading\" id=\"caractersticas\">Caracter\u00edsticas<\/h2>\n\n\n\n<p>Los Porsche importados directamente desde Alemania son considerados un lujo. Estos veh\u00edculos cuentan con una variedad de caracter\u00edsticas y opciones que los hacen \u00fanicos. Estas incluyen:<\/p>\n\n\n\n<ul class=\"wp-block-list\">\n<li>Una calidad de construcci\u00f3n excepcional. Los Porsche alemanes est\u00e1n hechos con una calidad de construcci\u00f3n superior, lo que significa que pueden durar mucho m\u00e1s tiempo que otros veh\u00edculos.<\/li>\n\n\n\n<li>Dise\u00f1o aerodin\u00e1mico. Los autos alemanes tienen un dise\u00f1o aerodin\u00e1mico \u00fanico que les permite alcanzar velocidades muy altas con muy poca resistencia al aire. Esto significa que tus viajes ser\u00e1n mucho m\u00e1s eficientes y r\u00e1pidos.<\/li>\n\n\n\n<li>Tecnolog\u00eda avanzada. Los Porsche de Alemania vienen equipados con la \u00faltima tecnolog\u00eda, lo que significa que obtendr\u00e1s una experiencia de conducci\u00f3n m\u00e1s moderna y segura.<\/li>\n<\/ul>\n\n\n\n<h2 class=\"wp-block-heading\" id=\"beneficios\">Beneficios<\/h2>\n\n\n\n<p>Adem\u00e1s de todas sus caracter\u00edsticas \u00fanicas, hay varios beneficios para importar un Porsche de Alemania. Estos incluyen:<\/p>\n\n\n\n<ul class=\"wp-block-list\">\n<li>Acceso a veh\u00edculos de primera clase. Importar un Porsche de Alemania significa tener acceso a los m\u00e1s nuevos veh\u00edculos de primera clase, lo que significa que estar\u00e1s viajando con estilo en los mejores coches.<\/li>\n\n\n\n<li>Precios m\u00e1s bajos Al importar.<\/li>\n<\/ul>\n\n\n\n<h2 class=\"wp-block-heading\">Todos los modelos para Importar Porsche Alemania\u200b:<\/h2>\n\n\n\n<p>A continuaci\u00f3n, se presenta una lista de los modelos de coche de la marca Porsche:<\/p>\n\n\n\n<ol class=\"wp-block-list\">\n<li>Porsche 911<\/li>\n\n\n\n<li>Porsche Boxster<\/li>\n\n\n\n<li>Porsche Cayman<\/li>\n\n\n\n<li>Porsche Macan<\/li>\n\n\n\n<li>Porsche Panamera<\/li>\n\n\n\n<li>Porsche Cayenne<\/li>\n\n\n\n<li>Porsche 918<\/li>\n\n\n\n<li>Porsche 919<\/li>\n\n\n\n<li>Porsche Taycan<\/li>\n\n\n\n<li>Porsche 935\n<ul class=\"wp-block-list\">\n<li><\/li>\n<\/ul>\n<\/li>\n<\/ol>\n\n\n\n<div class=\"wp-block-buttons is-layout-flex wp-block-buttons-is-layout-flex\">\n<div class=\"wp-block-button aligncenter\"><a class=\"wp-block-button__link has-vivid-red-background-color has-background wp-element-button\" href=\"https:\/\/importarcochesalemania.online\/de\/\">VER CATALOGO PARA IMPORTAR COCHES<\/a><\/div>\n<\/div>\n\n\n<div class=\"wpforms-container wpforms-container-full\" id=\"wpforms-165\"><form id=\"wpforms-form-165\" class=\"wpforms-validate wpforms-form wpforms-ajax-form\" data-formid=\"165\" method=\"post\" enctype=\"multipart\/form-data\" action=\"\/de\/wp-json\/wp\/v2\/pages\/397\" data-token=\"fe8c41435b35f556de634df92588c694\" data-trp-original-action=\"\/de\/wp-json\/wp\/v2\/pages\/397\"><noscript class=\"wpforms-error-noscript\">Bitte aktiviere JavaScript in deinem Browser, um dieses Formular fertigzustellen.<\/noscript><div class=\"wpforms-field-container\"><div id=\"wpforms-165-field_3-container\" class=\"wpforms-field wpforms-field-name\" data-field-id=\"3\"><label class=\"wpforms-field-label\" for=\"wpforms-165-field_3\">Nombre <span class=\"wpforms-required-label\">*<\/span><\/label><div class=\"wpforms-field-row wpforms-field-medium\"><div class=\"wpforms-field-row-block wpforms-first wpforms-one-half\"><input type=\"text\" id=\"wpforms-165-field_3\" class=\"wpforms-field-name-first wpforms-field-required\" name=\"wpforms[fields][3][first]\" required><label for=\"wpforms-165-field_3\" class=\"wpforms-field-sublabel after\">Vorname<\/label><\/div><div class=\"wpforms-field-row-block wpforms-one-half\"><input type=\"text\" id=\"wpforms-165-field_3-last\" class=\"wpforms-field-name-last wpforms-field-required\" name=\"wpforms[fields][3][last]\" required><label for=\"wpforms-165-field_3-last\" class=\"wpforms-field-sublabel after\">Nachname<\/label><\/div><\/div><\/div><div id=\"wpforms-165-field_2-container\" class=\"wpforms-field wpforms-field-text\" data-field-id=\"2\"><label class=\"wpforms-field-label\" for=\"wpforms-165-field_2\">Tu correo electr\u00f3nico (obligatorio) <span class=\"wpforms-required-label\">*<\/span><\/label><input type=\"text\" id=\"wpforms-165-field_2\" class=\"wpforms-field-medium wpforms-field-required\" name=\"wpforms[fields][2]\" required><\/div><div id=\"wpforms-165-field_1-container\" class=\"wpforms-field wpforms-field-text\" data-field-id=\"1\"><label class=\"wpforms-field-label\" for=\"wpforms-165-field_1\">Tu Telefono (obligatorio) <span class=\"wpforms-required-label\">*<\/span><\/label><input type=\"text\" id=\"wpforms-165-field_1\" class=\"wpforms-field-medium wpforms-field-required\" name=\"wpforms[fields][1]\" required><\/div><div id=\"wpforms-165-field_4-container\" class=\"wpforms-field wpforms-field-textarea\" data-field-id=\"4\"><label class=\"wpforms-field-label\" for=\"wpforms-165-field_4\">Tu mensaje <span class=\"wpforms-required-label\">*<\/span><\/label><textarea id=\"wpforms-165-field_4\" class=\"wpforms-field-medium wpforms-field-required\" name=\"wpforms[fields][4]\" required><\/textarea><\/div><\/div><div class=\"wpforms-submit-container\"><input type=\"hidden\" name=\"wpforms[id]\" value=\"165\"><input type=\"hidden\" name=\"wpforms[author]\" value=\"1\"><button type=\"submit\" name=\"wpforms[submit]\" id=\"wpforms-submit-165\" class=\"wpforms-submit\" data-alt-text=\"Enviando...\" data-submit-text=\"Enviar\" aria-live=\"assertive\" value=\"wpforms-submit\">Enviar<\/button><img loading=\"lazy\" decoding=\"async\" src=\"https:\/\/importarcochesalemania.online\/wp-content\/plugins\/wpforms-lite\/assets\/images\/submit-spin.svg\" class=\"wpforms-submit-spinner\" style=\"display: none;\" width=\"26\" height=\"26\" alt=\"Wird geladen\"><\/div><input type=\"hidden\" name=\"trp-form-language\" value=\"de\"\/><\/form><\/div>  <!-- .wpforms-container -->","protected":false},"excerpt":{"rendered":"<p>IMPORTAR COCHES DE ALEMANIA ESPA\u00d1A CON RACEOCASION: \u00bfPor qu\u00e9 importar un Porsche de Alemania? Importar un Porsche de Alemania es una excelente opci\u00f3n si est\u00e1s buscando un veh\u00edculo de primera calidad. Estos coches tienen muchas caracter\u00edsticas y beneficios \u00fanicos que pueden ofrecerte grandes ventajas. Caracter\u00edsticas Los Porsche importados directamente desde Alemania son considerados un lujo. [&hellip;]<\/p>","protected":false},"author":1,"featured_media":0,"parent":0,"menu_order":0,"comment_status":"closed","ping_status":"closed","template":"","meta":{"footnotes":""},"class_list":["post-397","page","type-page","status-publish","hentry"],"yoast_head":"<!-- This site is optimized with the Yoast SEO plugin v20.1 - https:\/\/yoast.com\/wordpress\/plugins\/seo\/ -->\n<title>Importar Porsche Alemania\u200b - Importar Coches Alemania<\/title>\n<meta name=\"robots\" content=\"index, follow, max-snippet:-1, max-image-preview:large, max-video-preview:-1\" \/>\n<link rel=\"canonical\" href=\"https:\/\/importarcochesalemania.online\/de\/importar-porsche-alemania\/\" \/>\n<meta property=\"og:locale\" content=\"de_DE\" \/>\n<meta property=\"og:type\" content=\"article\" \/>\n<meta property=\"og:title\" content=\"Importar Porsche Alemania\u200b - Importar Coches Alemania\" \/>\n<meta property=\"og:description\" content=\"IMPORTAR COCHES DE ALEMANIA ESPA\u00d1A CON RACEOCASION: \u00bfPor qu\u00e9 importar un Porsche de Alemania? Importar un Porsche de Alemania es una excelente opci\u00f3n si est\u00e1s buscando un veh\u00edculo de primera calidad. Estos coches tienen muchas caracter\u00edsticas y beneficios \u00fanicos que pueden ofrecerte grandes ventajas. Caracter\u00edsticas Los Porsche importados directamente desde Alemania son considerados un lujo. [&hellip;]\" \/>\n<meta property=\"og:url\" content=\"https:\/\/importarcochesalemania.online\/de\/importar-porsche-alemania\/\" \/>\n<meta property=\"og:site_name\" content=\"Importar Coches Alemania\" \/>\n<meta property=\"article:modified_time\" content=\"2023-02-02T22:48:12+00:00\" \/>\n<meta property=\"og:image\" content=\"http:\/\/importarcochesalemania.online\/wp-content\/uploads\/2023\/01\/IMG_1968-1024x922.jpg\" \/>\n<meta name=\"twitter:card\" content=\"summary_large_image\" \/>\n<meta name=\"twitter:label1\" content=\"Gesch\u00e4tzte Lesezeit\" \/>\n\t<meta name=\"twitter:data1\" content=\"1\u00a0Minute\" \/>\n<script type=\"application\/ld+json\" class=\"yoast-schema-graph\">{\"@context\":\"https:\/\/schema.org\",\"@graph\":[{\"@type\":\"WebPage\",\"@id\":\"https:\/\/importarcochesalemania.online\/importar-porsche-alemania\/\",\"url\":\"https:\/\/importarcochesalemania.online\/importar-porsche-alemania\/\",\"name\":\"Importar Porsche Alemania\u200b - Importar Coches Alemania\",\"isPartOf\":{\"@id\":\"https:\/\/importarcochesalemania.online\/#website\"},\"datePublished\":\"2023-02-02T19:41:16+00:00\",\"dateModified\":\"2023-02-02T22:48:12+00:00\",\"breadcrumb\":{\"@id\":\"https:\/\/importarcochesalemania.online\/importar-porsche-alemania\/#breadcrumb\"},\"inLanguage\":\"de\",\"potentialAction\":[{\"@type\":\"ReadAction\",\"target\":[\"https:\/\/importarcochesalemania.online\/importar-porsche-alemania\/\"]}]},{\"@type\":\"BreadcrumbList\",\"@id\":\"https:\/\/importarcochesalemania.online\/importar-porsche-alemania\/#breadcrumb\",\"itemListElement\":[{\"@type\":\"ListItem\",\"position\":1,\"name\":\"Portada\",\"item\":\"https:\/\/importarcochesalemania.online\/\"},{\"@type\":\"ListItem\",\"position\":2,\"name\":\"Importar Porsche Alemania\u200b\"}]},{\"@type\":\"WebSite\",\"@id\":\"https:\/\/importarcochesalemania.online\/#website\",\"url\":\"https:\/\/importarcochesalemania.online\/\",\"name\":\"Importar Coches Alemania\",\"description\":\"IMPORTAR COCHES ALEMANIA A ESPA\u00d1A\",\"publisher\":{\"@id\":\"https:\/\/importarcochesalemania.online\/#\/schema\/person\/bb0a9c16c906ebdc5297cdf9678f6ef5\"},\"potentialAction\":[{\"@type\":\"SearchAction\",\"target\":{\"@type\":\"EntryPoint\",\"urlTemplate\":\"https:\/\/importarcochesalemania.online\/?s={search_term_string}\"},\"query-input\":\"required name=search_term_string\"}],\"inLanguage\":\"de\"},{\"@type\":[\"Person\",\"Organization\"],\"@id\":\"https:\/\/importarcochesalemania.online\/#\/schema\/person\/bb0a9c16c906ebdc5297cdf9678f6ef5\",\"name\":\"raceocasion2\",\"image\":{\"@type\":\"ImageObject\",\"inLanguage\":\"de\",\"@id\":\"https:\/\/importarcochesalemania.online\/#\/schema\/person\/image\/\",\"url\":\"https:\/\/importarcochesalemania.online\/wp-content\/uploads\/2023\/01\/cropped-IMG_1968.jpg\",\"contentUrl\":\"https:\/\/importarcochesalemania.online\/wp-content\/uploads\/2023\/01\/cropped-IMG_1968.jpg\",\"width\":1170,\"height\":333,\"caption\":\"raceocasion2\"},\"logo\":{\"@id\":\"https:\/\/importarcochesalemania.online\/#\/schema\/person\/image\/\"},\"sameAs\":[\"http:\/\/importarcochesalemania.online\"]}]}<\/script>\n<!-- \/ Yoast SEO plugin. -->","yoast_head_json":{"title":"Importar Porsche Alemania\u200b - Importar Coches Alemania","robots":{"index":"index","follow":"follow","max-snippet":"max-snippet:-1","max-image-preview":"max-image-preview:large","max-video-preview":"max-video-preview:-1"},"canonical":"https:\/\/importarcochesalemania.online\/de\/importar-porsche-alemania\/","og_locale":"de_DE","og_type":"article","og_title":"Importar Porsche Alemania\u200b - Importar Coches Alemania","og_description":"IMPORTAR COCHES DE ALEMANIA ESPA\u00d1A CON RACEOCASION: \u00bfPor qu\u00e9 importar un Porsche de Alemania? Importar un Porsche de Alemania es una excelente opci\u00f3n si est\u00e1s buscando un veh\u00edculo de primera calidad. Estos coches tienen muchas caracter\u00edsticas y beneficios \u00fanicos que pueden ofrecerte grandes ventajas. Caracter\u00edsticas Los Porsche importados directamente desde Alemania son considerados un lujo. [&hellip;]","og_url":"https:\/\/importarcochesalemania.online\/de\/importar-porsche-alemania\/","og_site_name":"Importar Coches Alemania","article_modified_time":"2023-02-02T22:48:12+00:00","og_image":[{"url":"http:\/\/importarcochesalemania.online\/wp-content\/uploads\/2023\/01\/IMG_1968-1024x922.jpg"}],"twitter_card":"summary_large_image","twitter_misc":{"Gesch\u00e4tzte Lesezeit":"1\u00a0Minute"},"schema":{"@context":"https:\/\/schema.org","@graph":[{"@type":"WebPage","@id":"https:\/\/importarcochesalemania.online\/importar-porsche-alemania\/","url":"https:\/\/importarcochesalemania.online\/importar-porsche-alemania\/","name":"Importar Porsche Alemania\u200b - Importar Coches Alemania","isPartOf":{"@id":"https:\/\/importarcochesalemania.online\/#website"},"datePublished":"2023-02-02T19:41:16+00:00","dateModified":"2023-02-02T22:48:12+00:00","breadcrumb":{"@id":"https:\/\/importarcochesalemania.online\/importar-porsche-alemania\/#breadcrumb"},"inLanguage":"de","potentialAction":[{"@type":"ReadAction","target":["https:\/\/importarcochesalemania.online\/importar-porsche-alemania\/"]}]},{"@type":"BreadcrumbList","@id":"https:\/\/importarcochesalemania.online\/importar-porsche-alemania\/#breadcrumb","itemListElement":[{"@type":"ListItem","position":1,"name":"Portada","item":"https:\/\/importarcochesalemania.online\/"},{"@type":"ListItem","position":2,"name":"Importar Porsche Alemania\u200b"}]},{"@type":"WebSite","@id":"https:\/\/importarcochesalemania.online\/#website","url":"https:\/\/importarcochesalemania.online\/","name":"Importar Coches Alemania","description":"IMPORTAR COCHES ALEMANIA A ESPA\u00d1A","publisher":{"@id":"https:\/\/importarcochesalemania.online\/#\/schema\/person\/bb0a9c16c906ebdc5297cdf9678f6ef5"},"potentialAction":[{"@type":"SearchAction","target":{"@type":"EntryPoint","urlTemplate":"https:\/\/importarcochesalemania.online\/?s={search_term_string}"},"query-input":"required name=search_term_string"}],"inLanguage":"de"},{"@type":["Person","Organization"],"@id":"https:\/\/importarcochesalemania.online\/#\/schema\/person\/bb0a9c16c906ebdc5297cdf9678f6ef5","name":"raceocasion2","image":{"@type":"ImageObject","inLanguage":"de","@id":"https:\/\/importarcochesalemania.online\/#\/schema\/person\/image\/","url":"https:\/\/importarcochesalemania.online\/wp-content\/uploads\/2023\/01\/cropped-IMG_1968.jpg","contentUrl":"https:\/\/importarcochesalemania.online\/wp-content\/uploads\/2023\/01\/cropped-IMG_1968.jpg","width":1170,"height":333,"caption":"raceocasion2"},"logo":{"@id":"https:\/\/importarcochesalemania.online\/#\/schema\/person\/image\/"},"sameAs":["http:\/\/importarcochesalemania.online"]}]}},"_links":{"self":[{"href":"https:\/\/importarcochesalemania.online\/de\/wp-json\/wp\/v2\/pages\/397","targetHints":{"allow":["GET"]}}],"collection":[{"href":"https:\/\/importarcochesalemania.online\/de\/wp-json\/wp\/v2\/pages"}],"about":[{"href":"https:\/\/importarcochesalemania.online\/de\/wp-json\/wp\/v2\/types\/page"}],"author":[{"embeddable":true,"href":"https:\/\/importarcochesalemania.online\/de\/wp-json\/wp\/v2\/users\/1"}],"replies":[{"embeddable":true,"href":"https:\/\/importarcochesalemania.online\/de\/wp-json\/wp\/v2\/comments?post=397"}],"version-history":[{"count":6,"href":"https:\/\/importarcochesalemania.online\/de\/wp-json\/wp\/v2\/pages\/397\/revisions"}],"predecessor-version":[{"id":438,"href":"https:\/\/importarcochesalemania.online\/de\/wp-json\/wp\/v2\/pages\/397\/revisions\/438"}],"wp:attachment":[{"href":"https:\/\/importarcochesalemania.online\/de\/wp-json\/wp\/v2\/media?parent=397"}],"curies":[{"name":"wp","href":"https:\/\/api.w.org\/{rel}","templated":true}]}}