{"id":158,"date":"2023-02-01T11:49:49","date_gmt":"2023-02-01T11:49:49","guid":{"rendered":"http:\/\/importarcochesalemania.online\/?page_id=158"},"modified":"2023-02-01T12:42:26","modified_gmt":"2023-02-01T12:42:26","slug":"importar-un-vehiculo-de-alemania","status":"publish","type":"page","link":"https:\/\/importarcochesalemania.online\/de\/importar-un-vehiculo-de-alemania\/","title":{"rendered":"importar un veh\u00edculo de Alemania"},"content":{"rendered":"<figure class=\"wp-block-image size-large\"><img loading=\"lazy\" decoding=\"async\" width=\"1024\" height=\"683\" src=\"http:\/\/importarcochesalemania.online\/wp-content\/uploads\/2023\/02\/pexels-photo-5049266-1024x683.webp\" alt=\"\" class=\"wp-image-160\" srcset=\"https:\/\/importarcochesalemania.online\/wp-content\/uploads\/2023\/02\/pexels-photo-5049266-1024x683.webp 1024w, https:\/\/importarcochesalemania.online\/wp-content\/uploads\/2023\/02\/pexels-photo-5049266-300x200.webp 300w, https:\/\/importarcochesalemania.online\/wp-content\/uploads\/2023\/02\/pexels-photo-5049266-768x512.webp 768w, https:\/\/importarcochesalemania.online\/wp-content\/uploads\/2023\/02\/pexels-photo-5049266.webp 1125w\" sizes=\"auto, (max-width: 1024px) 100vw, 1024px\" \/><\/figure>\n\n\n\n<h2 class=\"wp-block-heading\">importar un veh\u00edculo de Alemania a Espa\u00f1a<\/h2>\n\n\n\n<p>\u00bfEst\u00e1s pensando en importar un veh\u00edculo de Alemania? En RACEOCASION, ofrecemos un servicio de importaci\u00f3n de coches completo de Alemania para aquellos que desean tener en sus manos un veh\u00edculo de calidad directamente desde Alemania. Nuestro servicio se extiende desde la b\u00fasqueda de un veh\u00edculo hasta la entrega de un veh\u00edculo completamente preparado para su uso en su pa\u00eds.<\/p>\n\n\n\n<p>Con nuestro servicio de importaci\u00f3n de coches completo, buscaremos todos los modelos que est\u00e1n disponibles en el mercado alem\u00e1n. Esto significa que podremos encontrar los veh\u00edculos m\u00e1s recientes y exclusivos, como los deportivos, los berlinas, los SUV, los cl\u00e1sicos, los camiones, etc. Una vez que hayamos encontrado el veh\u00edculo adecuado para sus necesidades, nos encargaremos de todos los tr\u00e1mites administrativos necesarios para importar el veh\u00edculo a su pa\u00eds.<\/p>\n\n\n\n<p>Nuestro servicio no se limita a la importaci\u00f3n del veh\u00edculo. Tambi\u00e9n nos encargamos de la preparaci\u00f3n del veh\u00edculo para su uso en su pa\u00eds. Esto incluye realizar todos los tr\u00e1mites necesarios para obtener la documentaci\u00f3n correcta para el veh\u00edculo, as\u00ed como realizar las reparaciones, mantenimiento y adaptaciones necesarias para que el veh\u00edculo cumpla con los est\u00e1ndares de su pa\u00eds.<\/p>\n\n\n\n<p>Adem\u00e1s, tambi\u00e9n nos encargamos de todos los tr\u00e1mites de transporte<\/p>\n\n\n\n<figure class=\"wp-block-image size-large\"><img loading=\"lazy\" decoding=\"async\" width=\"1024\" height=\"301\" src=\"http:\/\/importarcochesalemania.online\/wp-content\/uploads\/2023\/01\/IMG_4996-1024x301.jpg\" alt=\"\" class=\"wp-image-34\" srcset=\"https:\/\/importarcochesalemania.online\/wp-content\/uploads\/2023\/01\/IMG_4996-1024x301.jpg 1024w, https:\/\/importarcochesalemania.online\/wp-content\/uploads\/2023\/01\/IMG_4996-300x88.jpg 300w, https:\/\/importarcochesalemania.online\/wp-content\/uploads\/2023\/01\/IMG_4996-768x226.jpg 768w, https:\/\/importarcochesalemania.online\/wp-content\/uploads\/2023\/01\/IMG_4996.jpg 1170w\" sizes=\"auto, (max-width: 1024px) 100vw, 1024px\" \/><\/figure>\n\n\n\n<pre class=\"wp-block-code\"><code><strong>SOLICITA INFORMACION SOBRE TU NUEVO COCHE<\/strong><\/code><\/pre>\n\n\n<div class=\"wpforms-container wpforms-container-full\" id=\"wpforms-165\"><form id=\"wpforms-form-165\" class=\"wpforms-validate wpforms-form wpforms-ajax-form\" data-formid=\"165\" method=\"post\" enctype=\"multipart\/form-data\" action=\"\/de\/wp-json\/wp\/v2\/pages\/158\" data-token=\"5f57853fe804aea62a03b68321b72493\" data-trp-original-action=\"\/de\/wp-json\/wp\/v2\/pages\/158\"><noscript class=\"wpforms-error-noscript\">Bitte aktiviere JavaScript in deinem Browser, um dieses Formular fertigzustellen.<\/noscript><div class=\"wpforms-field-container\"><div id=\"wpforms-165-field_3-container\" class=\"wpforms-field wpforms-field-name\" data-field-id=\"3\"><label class=\"wpforms-field-label\" for=\"wpforms-165-field_3\">Nombre <span class=\"wpforms-required-label\">*<\/span><\/label><div class=\"wpforms-field-row wpforms-field-medium\"><div class=\"wpforms-field-row-block wpforms-first wpforms-one-half\"><input type=\"text\" id=\"wpforms-165-field_3\" class=\"wpforms-field-name-first wpforms-field-required\" name=\"wpforms[fields][3][first]\" required><label for=\"wpforms-165-field_3\" class=\"wpforms-field-sublabel after\">Vorname<\/label><\/div><div class=\"wpforms-field-row-block wpforms-one-half\"><input type=\"text\" id=\"wpforms-165-field_3-last\" class=\"wpforms-field-name-last wpforms-field-required\" name=\"wpforms[fields][3][last]\" required><label for=\"wpforms-165-field_3-last\" class=\"wpforms-field-sublabel after\">Nachname<\/label><\/div><\/div><\/div><div id=\"wpforms-165-field_2-container\" class=\"wpforms-field wpforms-field-text\" data-field-id=\"2\"><label class=\"wpforms-field-label\" for=\"wpforms-165-field_2\">Tu correo electr\u00f3nico (obligatorio) <span class=\"wpforms-required-label\">*<\/span><\/label><input type=\"text\" id=\"wpforms-165-field_2\" class=\"wpforms-field-medium wpforms-field-required\" name=\"wpforms[fields][2]\" required><\/div><div id=\"wpforms-165-field_1-container\" class=\"wpforms-field wpforms-field-text\" data-field-id=\"1\"><label class=\"wpforms-field-label\" for=\"wpforms-165-field_1\">Tu Telefono (obligatorio) <span class=\"wpforms-required-label\">*<\/span><\/label><input type=\"text\" id=\"wpforms-165-field_1\" class=\"wpforms-field-medium wpforms-field-required\" name=\"wpforms[fields][1]\" required><\/div><div id=\"wpforms-165-field_4-container\" class=\"wpforms-field wpforms-field-textarea\" data-field-id=\"4\"><label class=\"wpforms-field-label\" for=\"wpforms-165-field_4\">Tu mensaje <span class=\"wpforms-required-label\">*<\/span><\/label><textarea id=\"wpforms-165-field_4\" class=\"wpforms-field-medium wpforms-field-required\" name=\"wpforms[fields][4]\" required><\/textarea><\/div><\/div><div class=\"wpforms-submit-container\"><input type=\"hidden\" name=\"wpforms[id]\" value=\"165\"><input type=\"hidden\" name=\"wpforms[author]\" value=\"1\"><button type=\"submit\" name=\"wpforms[submit]\" id=\"wpforms-submit-165\" class=\"wpforms-submit\" data-alt-text=\"Enviando...\" data-submit-text=\"Enviar\" aria-live=\"assertive\" value=\"wpforms-submit\">Enviar<\/button><img loading=\"lazy\" decoding=\"async\" src=\"https:\/\/importarcochesalemania.online\/wp-content\/plugins\/wpforms-lite\/assets\/images\/submit-spin.svg\" class=\"wpforms-submit-spinner\" style=\"display: none;\" width=\"26\" height=\"26\" alt=\"Wird geladen\"><\/div><input type=\"hidden\" name=\"trp-form-language\" value=\"de\"\/><\/form><\/div>  <!-- .wpforms-container -->\n\n\n<figure class=\"wp-block-gallery has-nested-images columns-default is-cropped wp-block-gallery-1 is-layout-flex wp-block-gallery-is-layout-flex\">\n<figure class=\"wp-block-image size-large\"><img loading=\"lazy\" decoding=\"async\" width=\"1024\" height=\"512\" data-id=\"191\" src=\"http:\/\/importarcochesalemania.online\/wp-content\/uploads\/2023\/02\/checker-1648337_1280-2-1024x512.webp\" alt=\"\" class=\"wp-image-191\" srcset=\"https:\/\/importarcochesalemania.online\/wp-content\/uploads\/2023\/02\/checker-1648337_1280-2-1024x512.webp 1024w, https:\/\/importarcochesalemania.online\/wp-content\/uploads\/2023\/02\/checker-1648337_1280-2-300x150.webp 300w, https:\/\/importarcochesalemania.online\/wp-content\/uploads\/2023\/02\/checker-1648337_1280-2-768x384.webp 768w, https:\/\/importarcochesalemania.online\/wp-content\/uploads\/2023\/02\/checker-1648337_1280-2.webp 1280w\" sizes=\"auto, (max-width: 1024px) 100vw, 1024px\" \/><\/figure>\n<\/figure>","protected":false},"excerpt":{"rendered":"<p>importar un veh\u00edculo de Alemania a Espa\u00f1a \u00bfEst\u00e1s pensando en importar un veh\u00edculo de Alemania? En RACEOCASION, ofrecemos un servicio de importaci\u00f3n de coches completo de Alemania para aquellos que desean tener en sus manos un veh\u00edculo de calidad directamente desde Alemania. Nuestro servicio se extiende desde la b\u00fasqueda de un veh\u00edculo hasta la entrega [&hellip;]<\/p>","protected":false},"author":1,"featured_media":0,"parent":0,"menu_order":0,"comment_status":"closed","ping_status":"closed","template":"","meta":{"footnotes":""},"class_list":["post-158","page","type-page","status-publish","hentry"],"yoast_head":"<!-- This site is optimized with the Yoast SEO plugin v20.1 - https:\/\/yoast.com\/wordpress\/plugins\/seo\/ -->\n<title>importar un veh\u00edculo de Alemania - Importar Coches Alemania<\/title>\n<meta name=\"robots\" content=\"index, follow, max-snippet:-1, max-image-preview:large, max-video-preview:-1\" \/>\n<link rel=\"canonical\" href=\"https:\/\/importarcochesalemania.online\/de\/importar-un-vehiculo-de-alemania\/\" \/>\n<meta property=\"og:locale\" content=\"de_DE\" \/>\n<meta property=\"og:type\" content=\"article\" \/>\n<meta property=\"og:title\" content=\"importar un veh\u00edculo de Alemania - Importar Coches Alemania\" \/>\n<meta property=\"og:description\" content=\"importar un veh\u00edculo de Alemania a Espa\u00f1a \u00bfEst\u00e1s pensando en importar un veh\u00edculo de Alemania? En RACEOCASION, ofrecemos un servicio de importaci\u00f3n de coches completo de Alemania para aquellos que desean tener en sus manos un veh\u00edculo de calidad directamente desde Alemania. Nuestro servicio se extiende desde la b\u00fasqueda de un veh\u00edculo hasta la entrega [&hellip;]\" \/>\n<meta property=\"og:url\" content=\"https:\/\/importarcochesalemania.online\/de\/importar-un-vehiculo-de-alemania\/\" \/>\n<meta property=\"og:site_name\" content=\"Importar Coches Alemania\" \/>\n<meta property=\"article:modified_time\" content=\"2023-02-01T12:42:26+00:00\" \/>\n<meta property=\"og:image\" content=\"http:\/\/importarcochesalemania.online\/wp-content\/uploads\/2023\/02\/pexels-photo-5049266-1024x683.webp\" \/>\n<meta name=\"twitter:card\" content=\"summary_large_image\" \/>\n<meta name=\"twitter:label1\" content=\"Gesch\u00e4tzte Lesezeit\" \/>\n\t<meta name=\"twitter:data1\" content=\"1\u00a0Minute\" \/>\n<script type=\"application\/ld+json\" class=\"yoast-schema-graph\">{\"@context\":\"https:\/\/schema.org\",\"@graph\":[{\"@type\":\"WebPage\",\"@id\":\"https:\/\/importarcochesalemania.online\/importar-un-vehiculo-de-alemania\/\",\"url\":\"https:\/\/importarcochesalemania.online\/importar-un-vehiculo-de-alemania\/\",\"name\":\"importar un veh\u00edculo de Alemania - Importar Coches Alemania\",\"isPartOf\":{\"@id\":\"https:\/\/importarcochesalemania.online\/#website\"},\"datePublished\":\"2023-02-01T11:49:49+00:00\",\"dateModified\":\"2023-02-01T12:42:26+00:00\",\"breadcrumb\":{\"@id\":\"https:\/\/importarcochesalemania.online\/importar-un-vehiculo-de-alemania\/#breadcrumb\"},\"inLanguage\":\"de\",\"potentialAction\":[{\"@type\":\"ReadAction\",\"target\":[\"https:\/\/importarcochesalemania.online\/importar-un-vehiculo-de-alemania\/\"]}]},{\"@type\":\"BreadcrumbList\",\"@id\":\"https:\/\/importarcochesalemania.online\/importar-un-vehiculo-de-alemania\/#breadcrumb\",\"itemListElement\":[{\"@type\":\"ListItem\",\"position\":1,\"name\":\"Portada\",\"item\":\"https:\/\/importarcochesalemania.online\/\"},{\"@type\":\"ListItem\",\"position\":2,\"name\":\"importar un veh\u00edculo de Alemania\"}]},{\"@type\":\"WebSite\",\"@id\":\"https:\/\/importarcochesalemania.online\/#website\",\"url\":\"https:\/\/importarcochesalemania.online\/\",\"name\":\"Importar Coches Alemania\",\"description\":\"IMPORTAR COCHES ALEMANIA A ESPA\u00d1A\",\"publisher\":{\"@id\":\"https:\/\/importarcochesalemania.online\/#\/schema\/person\/bb0a9c16c906ebdc5297cdf9678f6ef5\"},\"potentialAction\":[{\"@type\":\"SearchAction\",\"target\":{\"@type\":\"EntryPoint\",\"urlTemplate\":\"https:\/\/importarcochesalemania.online\/?s={search_term_string}\"},\"query-input\":\"required name=search_term_string\"}],\"inLanguage\":\"de\"},{\"@type\":[\"Person\",\"Organization\"],\"@id\":\"https:\/\/importarcochesalemania.online\/#\/schema\/person\/bb0a9c16c906ebdc5297cdf9678f6ef5\",\"name\":\"raceocasion2\",\"image\":{\"@type\":\"ImageObject\",\"inLanguage\":\"de\",\"@id\":\"https:\/\/importarcochesalemania.online\/#\/schema\/person\/image\/\",\"url\":\"https:\/\/importarcochesalemania.online\/wp-content\/uploads\/2023\/01\/cropped-IMG_1968.jpg\",\"contentUrl\":\"https:\/\/importarcochesalemania.online\/wp-content\/uploads\/2023\/01\/cropped-IMG_1968.jpg\",\"width\":1170,\"height\":333,\"caption\":\"raceocasion2\"},\"logo\":{\"@id\":\"https:\/\/importarcochesalemania.online\/#\/schema\/person\/image\/\"},\"sameAs\":[\"http:\/\/importarcochesalemania.online\"]}]}<\/script>\n<!-- \/ Yoast SEO plugin. -->","yoast_head_json":{"title":"importar un veh\u00edculo de Alemania - Importar Coches Alemania","robots":{"index":"index","follow":"follow","max-snippet":"max-snippet:-1","max-image-preview":"max-image-preview:large","max-video-preview":"max-video-preview:-1"},"canonical":"https:\/\/importarcochesalemania.online\/de\/importar-un-vehiculo-de-alemania\/","og_locale":"de_DE","og_type":"article","og_title":"importar un veh\u00edculo de Alemania - Importar Coches Alemania","og_description":"importar un veh\u00edculo de Alemania a Espa\u00f1a \u00bfEst\u00e1s pensando en importar un veh\u00edculo de Alemania? En RACEOCASION, ofrecemos un servicio de importaci\u00f3n de coches completo de Alemania para aquellos que desean tener en sus manos un veh\u00edculo de calidad directamente desde Alemania. Nuestro servicio se extiende desde la b\u00fasqueda de un veh\u00edculo hasta la entrega [&hellip;]","og_url":"https:\/\/importarcochesalemania.online\/de\/importar-un-vehiculo-de-alemania\/","og_site_name":"Importar Coches Alemania","article_modified_time":"2023-02-01T12:42:26+00:00","og_image":[{"url":"http:\/\/importarcochesalemania.online\/wp-content\/uploads\/2023\/02\/pexels-photo-5049266-1024x683.webp"}],"twitter_card":"summary_large_image","twitter_misc":{"Gesch\u00e4tzte Lesezeit":"1\u00a0Minute"},"schema":{"@context":"https:\/\/schema.org","@graph":[{"@type":"WebPage","@id":"https:\/\/importarcochesalemania.online\/importar-un-vehiculo-de-alemania\/","url":"https:\/\/importarcochesalemania.online\/importar-un-vehiculo-de-alemania\/","name":"importar un veh\u00edculo de Alemania - Importar Coches Alemania","isPartOf":{"@id":"https:\/\/importarcochesalemania.online\/#website"},"datePublished":"2023-02-01T11:49:49+00:00","dateModified":"2023-02-01T12:42:26+00:00","breadcrumb":{"@id":"https:\/\/importarcochesalemania.online\/importar-un-vehiculo-de-alemania\/#breadcrumb"},"inLanguage":"de","potentialAction":[{"@type":"ReadAction","target":["https:\/\/importarcochesalemania.online\/importar-un-vehiculo-de-alemania\/"]}]},{"@type":"BreadcrumbList","@id":"https:\/\/importarcochesalemania.online\/importar-un-vehiculo-de-alemania\/#breadcrumb","itemListElement":[{"@type":"ListItem","position":1,"name":"Portada","item":"https:\/\/importarcochesalemania.online\/"},{"@type":"ListItem","position":2,"name":"importar un veh\u00edculo de Alemania"}]},{"@type":"WebSite","@id":"https:\/\/importarcochesalemania.online\/#website","url":"https:\/\/importarcochesalemania.online\/","name":"Importar Coches Alemania","description":"IMPORTAR COCHES ALEMANIA A ESPA\u00d1A","publisher":{"@id":"https:\/\/importarcochesalemania.online\/#\/schema\/person\/bb0a9c16c906ebdc5297cdf9678f6ef5"},"potentialAction":[{"@type":"SearchAction","target":{"@type":"EntryPoint","urlTemplate":"https:\/\/importarcochesalemania.online\/?s={search_term_string}"},"query-input":"required name=search_term_string"}],"inLanguage":"de"},{"@type":["Person","Organization"],"@id":"https:\/\/importarcochesalemania.online\/#\/schema\/person\/bb0a9c16c906ebdc5297cdf9678f6ef5","name":"raceocasion2","image":{"@type":"ImageObject","inLanguage":"de","@id":"https:\/\/importarcochesalemania.online\/#\/schema\/person\/image\/","url":"https:\/\/importarcochesalemania.online\/wp-content\/uploads\/2023\/01\/cropped-IMG_1968.jpg","contentUrl":"https:\/\/importarcochesalemania.online\/wp-content\/uploads\/2023\/01\/cropped-IMG_1968.jpg","width":1170,"height":333,"caption":"raceocasion2"},"logo":{"@id":"https:\/\/importarcochesalemania.online\/#\/schema\/person\/image\/"},"sameAs":["http:\/\/importarcochesalemania.online"]}]}},"_links":{"self":[{"href":"https:\/\/importarcochesalemania.online\/de\/wp-json\/wp\/v2\/pages\/158","targetHints":{"allow":["GET"]}}],"collection":[{"href":"https:\/\/importarcochesalemania.online\/de\/wp-json\/wp\/v2\/pages"}],"about":[{"href":"https:\/\/importarcochesalemania.online\/de\/wp-json\/wp\/v2\/types\/page"}],"author":[{"embeddable":true,"href":"https:\/\/importarcochesalemania.online\/de\/wp-json\/wp\/v2\/users\/1"}],"replies":[{"embeddable":true,"href":"https:\/\/importarcochesalemania.online\/de\/wp-json\/wp\/v2\/comments?post=158"}],"version-history":[{"count":7,"href":"https:\/\/importarcochesalemania.online\/de\/wp-json\/wp\/v2\/pages\/158\/revisions"}],"predecessor-version":[{"id":192,"href":"https:\/\/importarcochesalemania.online\/de\/wp-json\/wp\/v2\/pages\/158\/revisions\/192"}],"wp:attachment":[{"href":"https:\/\/importarcochesalemania.online\/de\/wp-json\/wp\/v2\/media?parent=158"}],"curies":[{"name":"wp","href":"https:\/\/api.w.org\/{rel}","templated":true}]}}